{"id":112,"date":"2025-10-17T09:25:03","date_gmt":"2025-10-17T09:25:03","guid":{"rendered":"https:\/\/hanseatisch-fotografisch.de\/?page_id=112"},"modified":"2025-12-04T14:14:47","modified_gmt":"2025-12-04T14:14:47","slug":"formular","status":"publish","type":"page","link":"https:\/\/hanseatisch-fotografisch.de\/?page_id=112","title":{"rendered":"Kontaktformular"},"content":{"rendered":"<style id=\"wpforms-css-vars-45-block-d2d4f5a3-bdba-4308-b50e-ea81cc35cdc6\">\n\t\t\t\t#wpforms-45.wpforms-block-d2d4f5a3-bdba-4308-b50e-ea81cc35cdc6 {\n\t\t\t\t--wpforms-field-text-color: #000000;\n--wpforms-field-menu-color: rgba( 0, 0, 0, 0 );\n--wpforms-button-background-color: #00d084;\n--wpforms-field-size-input-height: 43px;\n--wpforms-field-size-input-spacing: 15px;\n--wpforms-field-size-font-size: 16px;\n--wpforms-field-size-line-height: 19px;\n--wpforms-field-size-padding-h: 14px;\n--wpforms-field-size-checkbox-size: 16px;\n--wpforms-field-size-sublabel-spacing: 5px;\n--wpforms-field-size-icon-size: 1;\n--wpforms-label-size-font-size: 16px;\n--wpforms-label-size-line-height: 19px;\n--wpforms-label-size-sublabel-font-size: 14px;\n--wpforms-label-size-sublabel-line-height: 17px;\n--wpforms-button-size-font-size: 17px;\n--wpforms-button-size-height: 41px;\n--wpforms-button-size-padding-h: 15px;\n--wpforms-button-size-margin-top: 10px;\n\n\t\t\t}\n\t\t\t<\/style><style id=\"wpforms-custom-css-45-block-d2d4f5a3-bdba-4308-b50e-ea81cc35cdc6\">\n\t\t\t\t\/* Labels (\u00dcberschriften \u00fcber den Feldern) in Wei\u00df *\/\n#wpforms-45 .wpforms-field-label,\n#wpforms-45 .wpforms-field-sublabel,\n#wpforms-form-45 .wpforms-field-label,\n#wpforms-form-45 .wpforms-field-sublabel {\n  color: #ffffff !important;\n}\n\n\/* Textfarbe IN den Feldern schwarz (ohne Button anzufassen) *\/\n#wpforms-form-45 input[type=&quot;text&quot;],\n#wpforms-form-45 input[type=&quot;email&quot;],\n#wpforms-form-45 input[type=&quot;url&quot;],\n#wpforms-form-45 input[type=&quot;tel&quot;],\n#wpforms-form-45 input[type=&quot;number&quot;],\n#wpforms-form-45 input[type=&quot;date&quot;],\n#wpforms-form-45 input[type=&quot;search&quot;],\n#wpforms-form-45 input[type=&quot;password&quot;],\n#wpforms-form-45 textarea,\n#wpforms-form-45 select {\n  color: #000000 !important;\n}\n\n\/* Platzhalter (z. B. \u201eDein Name\u201c) etwas abgedunkelt *\/\n#wpforms-form-45 input::placeholder,\n#wpforms-form-45 textarea::placeholder {\n  color: #555555 !important;\n}\n\t\t\t<\/style><div class=\"wpforms-container wpforms-container-full wpforms-block wpforms-block-d2d4f5a3-bdba-4308-b50e-ea81cc35cdc6 wpforms-render-modern\" id=\"wpforms-45\"><form id=\"wpforms-form-45\" class=\"wpforms-validate wpforms-form wpforms-ajax-form\" data-formid=\"45\" method=\"post\" enctype=\"multipart\/form-data\" action=\"\/index.php?rest_route=%2Fwp%2Fv2%2Fpages%2F112\" data-token=\"c14529a4416038446e5b88854b3512ed\" data-token-time=\"1778073225\"><noscript class=\"wpforms-error-noscript\">Please enable JavaScript in your browser to complete this form.<\/noscript><div class=\"wpforms-hidden\" id=\"wpforms-error-noscript\">Please enable JavaScript in your browser to complete this form.<\/div><div class=\"wpforms-field-container\"><div id=\"wpforms-45-field_1-container\" class=\"wpforms-field wpforms-field-name\" data-field-id=\"1\"><label class=\"wpforms-field-label\" for=\"wpforms-45-field_1\">Name: <span class=\"wpforms-required-label\" aria-hidden=\"true\">*<\/span><\/label><input type=\"text\" id=\"wpforms-45-field_1\" class=\"wpforms-field-medium wpforms-field-required\" name=\"wpforms[fields][1]\" aria-errormessage=\"wpforms-45-field_1-error\" required><\/div><div id=\"wpforms-45-field_2-container\" class=\"wpforms-field wpforms-field-email\" data-field-id=\"2\"><label class=\"wpforms-field-label\" for=\"wpforms-45-field_2\">Email: <span class=\"wpforms-required-label\" aria-hidden=\"true\">*<\/span><\/label><input type=\"email\" id=\"wpforms-45-field_2\" class=\"wpforms-field-medium wpforms-field-required\" name=\"wpforms[fields][2]\" spellcheck=\"false\" aria-errormessage=\"wpforms-45-field_2-error\" required><\/div><div id=\"wpforms-45-field_4-container\" class=\"wpforms-field wpforms-field-number\" data-field-id=\"4\"><label class=\"wpforms-field-label\" for=\"wpforms-45-field_4\">Telefon Nummer:<\/label><input type=\"number\" id=\"wpforms-45-field_4\" class=\"wpforms-field-medium\" name=\"wpforms[fields][4]\" step=\"any\" aria-errormessage=\"wpforms-45-field_4-error\" ><\/div>\t\t<div id=\"wpforms-45-field_5-container\"\n\t\t\tclass=\"wpforms-field wpforms-field-text\"\n\t\t\tdata-field-type=\"text\"\n\t\t\tdata-field-id=\"5\"\n\t\t\t>\n\t\t\t<label class=\"wpforms-field-label\" for=\"wpforms-45-field_5\" >Telefon Nachricht: Name:<\/label>\n\t\t\t<input type=\"text\" id=\"wpforms-45-field_5\" class=\"wpforms-field-medium\" name=\"wpforms[fields][5]\" >\n\t\t<\/div>\n\t\t<div id=\"wpforms-45-field_3-container\" class=\"wpforms-field wpforms-field-textarea\" data-field-id=\"3\"><label class=\"wpforms-field-label\" for=\"wpforms-45-field_3\">Nachricht:<\/label><textarea id=\"wpforms-45-field_3\" class=\"wpforms-field-medium\" name=\"wpforms[fields][3]\" aria-errormessage=\"wpforms-45-field_3-error\" ><\/textarea><\/div><script>\n\t\t\t\t( function() {\n\t\t\t\t\tconst style = document.createElement( 'style' );\n\t\t\t\t\tstyle.appendChild( document.createTextNode( '#wpforms-45-field_5-container { position: absolute !important; overflow: hidden !important; display: inline !important; height: 1px !important; width: 1px !important; z-index: -1000 !important; padding: 0 !important; } #wpforms-45-field_5-container input { visibility: hidden; } #wpforms-conversational-form-page #wpforms-45-field_5-container label { counter-increment: none; }' ) );\n\t\t\t\t\tdocument.head.appendChild( style );\n\t\t\t\t\tdocument.currentScript?.remove();\n\t\t\t\t} )();\n\t\t\t<\/script><\/div><!-- .wpforms-field-container --><div class=\"wpforms-submit-container\" ><input type=\"hidden\" name=\"wpforms[id]\" value=\"45\"><input type=\"hidden\" name=\"page_title\" value=\"\"><input type=\"hidden\" name=\"page_url\" value=\"https:\/\/hanseatisch-fotografisch.de\/index.php?rest_route=\/wp\/v2\/pages\/112\"><input type=\"hidden\" name=\"url_referer\" value=\"\"><button type=\"submit\" name=\"wpforms[submit]\" id=\"wpforms-submit-45\" class=\"wpforms-submit\" data-alt-text=\"Sending...\" data-submit-text=\"Abschicken\" aria-live=\"assertive\" value=\"wpforms-submit\">Abschicken<\/button><img loading=\"lazy\" decoding=\"async\" src=\"https:\/\/hanseatisch-fotografisch.de\/wp-content\/plugins\/wpforms-lite\/assets\/images\/submit-spin.svg\" class=\"wpforms-submit-spinner\" style=\"display: none;\" width=\"26\" height=\"26\" alt=\"Loading\"><\/div><\/form><\/div>  <!-- .wpforms-container -->","protected":false},"excerpt":{"rendered":"","protected":false},"author":1,"featured_media":0,"parent":0,"menu_order":0,"comment_status":"closed","ping_status":"closed","template":"kontaktseite","meta":{"ngg_post_thumbnail":0,"footnotes":""},"class_list":["post-112","page","type-page","status-publish","hentry"],"yoast_head":"<!-- This site is optimized with the Yoast SEO plugin v18.3 - https:\/\/yoast.com\/wordpress\/plugins\/seo\/ -->\n<title>Kontaktformular -<\/title>\n<meta name=\"robots\" content=\"index, follow, max-snippet:-1, max-image-preview:large, max-video-preview:-1\" \/>\n<link rel=\"canonical\" href=\"https:\/\/hanseatisch-fotografisch.de\/?page_id=112\" \/>\n<meta property=\"og:locale\" content=\"en_US\" \/>\n<meta property=\"og:type\" content=\"article\" \/>\n<meta property=\"og:title\" content=\"Kontaktformular -\" \/>\n<meta property=\"og:url\" content=\"https:\/\/hanseatisch-fotografisch.de\/?page_id=112\" \/>\n<meta property=\"article:modified_time\" content=\"2025-12-04T14:14:47+00:00\" \/>\n<meta name=\"twitter:card\" content=\"summary_large_image\" \/>\n<script type=\"application\/ld+json\" class=\"yoast-schema-graph\">{\"@context\":\"https:\/\/schema.org\",\"@graph\":[{\"@type\":\"WebSite\",\"@id\":\"https:\/\/hanseatisch-fotografisch.de\/#website\",\"url\":\"https:\/\/hanseatisch-fotografisch.de\/\",\"name\":\"\",\"description\":\"\",\"potentialAction\":[{\"@type\":\"SearchAction\",\"target\":{\"@type\":\"EntryPoint\",\"urlTemplate\":\"https:\/\/hanseatisch-fotografisch.de\/?s={search_term_string}\"},\"query-input\":\"required name=search_term_string\"}],\"inLanguage\":\"en-US\"},{\"@type\":\"WebPage\",\"@id\":\"https:\/\/hanseatisch-fotografisch.de\/?page_id=112#webpage\",\"url\":\"https:\/\/hanseatisch-fotografisch.de\/?page_id=112\",\"name\":\"Kontaktformular -\",\"isPartOf\":{\"@id\":\"https:\/\/hanseatisch-fotografisch.de\/#website\"},\"datePublished\":\"2025-10-17T09:25:03+00:00\",\"dateModified\":\"2025-12-04T14:14:47+00:00\",\"breadcrumb\":{\"@id\":\"https:\/\/hanseatisch-fotografisch.de\/?page_id=112#breadcrumb\"},\"inLanguage\":\"en-US\",\"potentialAction\":[{\"@type\":\"ReadAction\",\"target\":[\"https:\/\/hanseatisch-fotografisch.de\/?page_id=112\"]}]},{\"@type\":\"BreadcrumbList\",\"@id\":\"https:\/\/hanseatisch-fotografisch.de\/?page_id=112#breadcrumb\",\"itemListElement\":[{\"@type\":\"ListItem\",\"position\":1,\"name\":\"Home\",\"item\":\"https:\/\/hanseatisch-fotografisch.de\/\"},{\"@type\":\"ListItem\",\"position\":2,\"name\":\"Kontaktformular\"}]}]}<\/script>\n<!-- \/ Yoast SEO plugin. -->","yoast_head_json":{"title":"Kontaktformular -","robots":{"index":"index","follow":"follow","max-snippet":"max-snippet:-1","max-image-preview":"max-image-preview:large","max-video-preview":"max-video-preview:-1"},"canonical":"https:\/\/hanseatisch-fotografisch.de\/?page_id=112","og_locale":"en_US","og_type":"article","og_title":"Kontaktformular -","og_url":"https:\/\/hanseatisch-fotografisch.de\/?page_id=112","article_modified_time":"2025-12-04T14:14:47+00:00","twitter_card":"summary_large_image","schema":{"@context":"https:\/\/schema.org","@graph":[{"@type":"WebSite","@id":"https:\/\/hanseatisch-fotografisch.de\/#website","url":"https:\/\/hanseatisch-fotografisch.de\/","name":"","description":"","potentialAction":[{"@type":"SearchAction","target":{"@type":"EntryPoint","urlTemplate":"https:\/\/hanseatisch-fotografisch.de\/?s={search_term_string}"},"query-input":"required name=search_term_string"}],"inLanguage":"en-US"},{"@type":"WebPage","@id":"https:\/\/hanseatisch-fotografisch.de\/?page_id=112#webpage","url":"https:\/\/hanseatisch-fotografisch.de\/?page_id=112","name":"Kontaktformular -","isPartOf":{"@id":"https:\/\/hanseatisch-fotografisch.de\/#website"},"datePublished":"2025-10-17T09:25:03+00:00","dateModified":"2025-12-04T14:14:47+00:00","breadcrumb":{"@id":"https:\/\/hanseatisch-fotografisch.de\/?page_id=112#breadcrumb"},"inLanguage":"en-US","potentialAction":[{"@type":"ReadAction","target":["https:\/\/hanseatisch-fotografisch.de\/?page_id=112"]}]},{"@type":"BreadcrumbList","@id":"https:\/\/hanseatisch-fotografisch.de\/?page_id=112#breadcrumb","itemListElement":[{"@type":"ListItem","position":1,"name":"Home","item":"https:\/\/hanseatisch-fotografisch.de\/"},{"@type":"ListItem","position":2,"name":"Kontaktformular"}]}]}},"_links":{"self":[{"href":"https:\/\/hanseatisch-fotografisch.de\/index.php?rest_route=\/wp\/v2\/pages\/112","targetHints":{"allow":["GET"]}}],"collection":[{"href":"https:\/\/hanseatisch-fotografisch.de\/index.php?rest_route=\/wp\/v2\/pages"}],"about":[{"href":"https:\/\/hanseatisch-fotografisch.de\/index.php?rest_route=\/wp\/v2\/types\/page"}],"author":[{"embeddable":true,"href":"https:\/\/hanseatisch-fotografisch.de\/index.php?rest_route=\/wp\/v2\/users\/1"}],"replies":[{"embeddable":true,"href":"https:\/\/hanseatisch-fotografisch.de\/index.php?rest_route=%2Fwp%2Fv2%2Fcomments&post=112"}],"version-history":[{"count":6,"href":"https:\/\/hanseatisch-fotografisch.de\/index.php?rest_route=\/wp\/v2\/pages\/112\/revisions"}],"predecessor-version":[{"id":404,"href":"https:\/\/hanseatisch-fotografisch.de\/index.php?rest_route=\/wp\/v2\/pages\/112\/revisions\/404"}],"wp:attachment":[{"href":"https:\/\/hanseatisch-fotografisch.de\/index.php?rest_route=%2Fwp%2Fv2%2Fmedia&parent=112"}],"curies":[{"name":"wp","href":"https:\/\/api.w.org\/{rel}","templated":true}]}}