{"id":126,"date":"2025-10-17T10:00:40","date_gmt":"2025-10-17T10:00:40","guid":{"rendered":"https:\/\/hanseatisch-fotografisch.de\/?page_id=126"},"modified":"2026-05-04T08:57:18","modified_gmt":"2026-05-04T08:57:18","slug":"impressum","status":"publish","type":"page","link":"https:\/\/hanseatisch-fotografisch.de\/?page_id=126","title":{"rendered":"Impressum"},"content":{"rendered":"\n<p>Kleinunternehmer Online-Marketing-Lampe<\/p>\n\n\n\n<p>Hanseatisch Fotografisch<\/p>\n\n\n\n<p>Jan Lampe<\/p>\n\n\n\n<p>Warendorpstra\u00dfe 68<\/p>\n\n\n\n<p>23554 L\u00fcbeck<\/p>\n\n\n\n<p>janlampe@hanseatisch-fotografisch.de<\/p>\n\n\n\n<p>Disclaimer:<\/p>\n\n\n\n<p><em>Inhaltlich Verantwortlicher gem\u00e4\u00df \u00a7 18 Abs. 2 MStV: Jan Lampe<\/em><\/p>\n\n\n\n<p>Alle <a href=\"https:\/\/sweetspot-onlinemarketing.de\/grafiken-logos-social-media\/\">Grafiken<\/a>, Texte und Bilder unterliegen dem Urheberrecht.<\/p>\n\n\n\n<p>Bild 10 Startseite: <a href=\"https:\/\/photography-leisner.de\/\">https:\/\/photography-leisner.de\/<\/a>Headbanner <a href=\"https:\/\/de.freepik.com\/vektoren\/hintergrund\">Hintergrund Vektor erstellt von freepik \u2013 de.freepik.com<\/a><\/p>\n\n\n\n<p><\/p>\n","protected":false},"excerpt":{"rendered":"<p>Kleinunternehmer Online-Marketing-Lampe Hanseatisch Fotografisch Jan Lampe Warendorpstra\u00dfe 68 23554 L\u00fcbeck janlampe@hanseatisch-fotografisch.de Disclaimer: Inhaltlich Verantwortlicher gem\u00e4\u00df \u00a7 18 Abs. 2 MStV: Jan Lampe Alle Grafiken, Texte und Bilder unterliegen dem Urheberrecht. Bild 10 Startseite: https:\/\/photography-leisner.de\/Headbanner Hintergrund Vektor erstellt von freepik \u2013 de.freepik.com<\/p>\n","protected":false},"author":1,"featured_media":0,"parent":0,"menu_order":0,"comment_status":"closed","ping_status":"closed","template":"impresssum","meta":{"ngg_post_thumbnail":0,"footnotes":""},"class_list":["post-126","page","type-page","status-publish","hentry"],"yoast_head":"<!-- This site is optimized with the Yoast SEO plugin v18.3 - https:\/\/yoast.com\/wordpress\/plugins\/seo\/ -->\n<title>Impressum -<\/title>\n<meta name=\"robots\" content=\"index, follow, max-snippet:-1, max-image-preview:large, max-video-preview:-1\" \/>\n<link rel=\"canonical\" href=\"https:\/\/hanseatisch-fotografisch.de\/?page_id=126\" \/>\n<meta property=\"og:locale\" content=\"en_US\" \/>\n<meta property=\"og:type\" content=\"article\" \/>\n<meta property=\"og:title\" content=\"Impressum -\" \/>\n<meta property=\"og:description\" content=\"Kleinunternehmer Online-Marketing-Lampe Hanseatisch Fotografisch Jan Lampe Warendorpstra\u00dfe 68 23554 L\u00fcbeck janlampe@hanseatisch-fotografisch.de Disclaimer: Inhaltlich Verantwortlicher gem\u00e4\u00df \u00a7 18 Abs. 2 MStV: Jan Lampe Alle Grafiken, Texte und Bilder unterliegen dem Urheberrecht. Bild 10 Startseite: https:\/\/photography-leisner.de\/Headbanner Hintergrund Vektor erstellt von freepik \u2013 de.freepik.com\" \/>\n<meta property=\"og:url\" content=\"https:\/\/hanseatisch-fotografisch.de\/?page_id=126\" \/>\n<meta property=\"article:modified_time\" content=\"2026-05-04T08:57:18+00:00\" \/>\n<meta name=\"twitter:card\" content=\"summary_large_image\" \/>\n<script type=\"application\/ld+json\" class=\"yoast-schema-graph\">{\"@context\":\"https:\/\/schema.org\",\"@graph\":[{\"@type\":\"WebSite\",\"@id\":\"https:\/\/hanseatisch-fotografisch.de\/#website\",\"url\":\"https:\/\/hanseatisch-fotografisch.de\/\",\"name\":\"\",\"description\":\"\",\"potentialAction\":[{\"@type\":\"SearchAction\",\"target\":{\"@type\":\"EntryPoint\",\"urlTemplate\":\"https:\/\/hanseatisch-fotografisch.de\/?s={search_term_string}\"},\"query-input\":\"required name=search_term_string\"}],\"inLanguage\":\"en-US\"},{\"@type\":\"WebPage\",\"@id\":\"https:\/\/hanseatisch-fotografisch.de\/?page_id=126#webpage\",\"url\":\"https:\/\/hanseatisch-fotografisch.de\/?page_id=126\",\"name\":\"Impressum -\",\"isPartOf\":{\"@id\":\"https:\/\/hanseatisch-fotografisch.de\/#website\"},\"datePublished\":\"2025-10-17T10:00:40+00:00\",\"dateModified\":\"2026-05-04T08:57:18+00:00\",\"breadcrumb\":{\"@id\":\"https:\/\/hanseatisch-fotografisch.de\/?page_id=126#breadcrumb\"},\"inLanguage\":\"en-US\",\"potentialAction\":[{\"@type\":\"ReadAction\",\"target\":[\"https:\/\/hanseatisch-fotografisch.de\/?page_id=126\"]}]},{\"@type\":\"BreadcrumbList\",\"@id\":\"https:\/\/hanseatisch-fotografisch.de\/?page_id=126#breadcrumb\",\"itemListElement\":[{\"@type\":\"ListItem\",\"position\":1,\"name\":\"Home\",\"item\":\"https:\/\/hanseatisch-fotografisch.de\/\"},{\"@type\":\"ListItem\",\"position\":2,\"name\":\"Impressum\"}]}]}<\/script>\n<!-- \/ Yoast SEO plugin. -->","yoast_head_json":{"title":"Impressum -","robots":{"index":"index","follow":"follow","max-snippet":"max-snippet:-1","max-image-preview":"max-image-preview:large","max-video-preview":"max-video-preview:-1"},"canonical":"https:\/\/hanseatisch-fotografisch.de\/?page_id=126","og_locale":"en_US","og_type":"article","og_title":"Impressum -","og_description":"Kleinunternehmer Online-Marketing-Lampe Hanseatisch Fotografisch Jan Lampe Warendorpstra\u00dfe 68 23554 L\u00fcbeck janlampe@hanseatisch-fotografisch.de Disclaimer: Inhaltlich Verantwortlicher gem\u00e4\u00df \u00a7 18 Abs. 2 MStV: Jan Lampe Alle Grafiken, Texte und Bilder unterliegen dem Urheberrecht. Bild 10 Startseite: https:\/\/photography-leisner.de\/Headbanner Hintergrund Vektor erstellt von freepik \u2013 de.freepik.com","og_url":"https:\/\/hanseatisch-fotografisch.de\/?page_id=126","article_modified_time":"2026-05-04T08:57:18+00:00","twitter_card":"summary_large_image","schema":{"@context":"https:\/\/schema.org","@graph":[{"@type":"WebSite","@id":"https:\/\/hanseatisch-fotografisch.de\/#website","url":"https:\/\/hanseatisch-fotografisch.de\/","name":"","description":"","potentialAction":[{"@type":"SearchAction","target":{"@type":"EntryPoint","urlTemplate":"https:\/\/hanseatisch-fotografisch.de\/?s={search_term_string}"},"query-input":"required name=search_term_string"}],"inLanguage":"en-US"},{"@type":"WebPage","@id":"https:\/\/hanseatisch-fotografisch.de\/?page_id=126#webpage","url":"https:\/\/hanseatisch-fotografisch.de\/?page_id=126","name":"Impressum -","isPartOf":{"@id":"https:\/\/hanseatisch-fotografisch.de\/#website"},"datePublished":"2025-10-17T10:00:40+00:00","dateModified":"2026-05-04T08:57:18+00:00","breadcrumb":{"@id":"https:\/\/hanseatisch-fotografisch.de\/?page_id=126#breadcrumb"},"inLanguage":"en-US","potentialAction":[{"@type":"ReadAction","target":["https:\/\/hanseatisch-fotografisch.de\/?page_id=126"]}]},{"@type":"BreadcrumbList","@id":"https:\/\/hanseatisch-fotografisch.de\/?page_id=126#breadcrumb","itemListElement":[{"@type":"ListItem","position":1,"name":"Home","item":"https:\/\/hanseatisch-fotografisch.de\/"},{"@type":"ListItem","position":2,"name":"Impressum"}]}]}},"_links":{"self":[{"href":"https:\/\/hanseatisch-fotografisch.de\/index.php?rest_route=\/wp\/v2\/pages\/126","targetHints":{"allow":["GET"]}}],"collection":[{"href":"https:\/\/hanseatisch-fotografisch.de\/index.php?rest_route=\/wp\/v2\/pages"}],"about":[{"href":"https:\/\/hanseatisch-fotografisch.de\/index.php?rest_route=\/wp\/v2\/types\/page"}],"author":[{"embeddable":true,"href":"https:\/\/hanseatisch-fotografisch.de\/index.php?rest_route=\/wp\/v2\/users\/1"}],"replies":[{"embeddable":true,"href":"https:\/\/hanseatisch-fotografisch.de\/index.php?rest_route=%2Fwp%2Fv2%2Fcomments&post=126"}],"version-history":[{"count":2,"href":"https:\/\/hanseatisch-fotografisch.de\/index.php?rest_route=\/wp\/v2\/pages\/126\/revisions"}],"predecessor-version":[{"id":420,"href":"https:\/\/hanseatisch-fotografisch.de\/index.php?rest_route=\/wp\/v2\/pages\/126\/revisions\/420"}],"wp:attachment":[{"href":"https:\/\/hanseatisch-fotografisch.de\/index.php?rest_route=%2Fwp%2Fv2%2Fmedia&parent=126"}],"curies":[{"name":"wp","href":"https:\/\/api.w.org\/{rel}","templated":true}]}}